{"id":35,"date":"2026-01-23T22:31:42","date_gmt":"2026-01-23T22:31:42","guid":{"rendered":"https:\/\/elpasoetiquette.com\/services\/"},"modified":"2026-03-04T19:41:23","modified_gmt":"2026-03-04T19:41:23","slug":"registration","status":"publish","type":"page","link":"https:\/\/elpasoetiquette.com\/es\/registration\/","title":{"rendered":"Registro"},"content":{"rendered":"<div data-elementor-type=\"wp-page\" data-elementor-id=\"35\" class=\"elementor elementor-35\" data-elementor-post-type=\"page\">\n\t\t\t\t<div class=\"elementor-element elementor-element-1a81f8f9 e-flex e-con-boxed e-con e-parent\" data-id=\"1a81f8f9\" data-element_type=\"container\" data-e-type=\"container\" data-settings=\"{&quot;background_background&quot;:&quot;classic&quot;}\">\n\t\t\t\t\t<div class=\"e-con-inner\">\n\t\t\t\t<div class=\"elementor-element elementor-element-e5b22c4 elementor-widget elementor-widget-heading\" data-id=\"e5b22c4\" data-element_type=\"widget\" data-e-type=\"widget\" data-widget_type=\"heading.default\">\n\t\t\t\t\t<h1 class=\"elementor-heading-title elementor-size-default\">Registro de Clases<\/h1>\t\t\t\t<\/div>\n\t\t\t\t\t<\/div>\n\t\t\t\t<\/div>\n\t\t<div class=\"elementor-element elementor-element-5e7b471f e-con-full e-flex e-con e-parent\" data-id=\"5e7b471f\" data-element_type=\"container\" data-e-type=\"container\">\n\t\t<div class=\"elementor-element elementor-element-76244d71 e-con-full e-flex e-con e-child\" data-id=\"76244d71\" data-element_type=\"container\" data-e-type=\"container\">\n\t\t\t\t<div class=\"elementor-element elementor-element-19e22ad6 elementor-widget elementor-widget-heading\" data-id=\"19e22ad6\" data-element_type=\"widget\" data-e-type=\"widget\" data-widget_type=\"heading.default\">\n\t\t\t\t\t<h2 class=\"elementor-heading-title elementor-size-default\">La Escuela de Etiqueta y Enriquecimiento<\/h2>\t\t\t\t<\/div>\n\t\t\t\t<div class=\"elementor-element elementor-element-12cfd04a elementor-widget__width-initial elementor-widget elementor-widget-text-editor\" data-id=\"12cfd04a\" data-element_type=\"widget\" data-e-type=\"widget\" data-widget_type=\"text-editor.default\">\n\t\t\t\t\t\t\t\t\t<p>Plazas limitadas para garantizar una atenci\u00f3n individualizada. M\u00ednimo 4, m\u00e1ximo 8 participantes.\u00a0<\/p><p><em><strong>Se requiere preinscripci\u00f3n. Pago inicial del 50% \u2013 No reembolsable.<\/strong><\/em><\/p>\t\t\t\t\t\t\t\t<\/div>\n\t\t\t\t<div class=\"elementor-element elementor-element-45517b2 elementor-widget__width-inherit elementor-widget elementor-widget-html\" data-id=\"45517b2\" data-element_type=\"widget\" data-e-type=\"widget\" data-widget_type=\"html.default\">\n\t\t\t\t\t<iframe\n    src=\"https:\/\/api.leadconnectorhq.com\/widget\/form\/v1vdwWeJypps78dp48MD\"\n    style=\"width:100%;height:100%;border:none;border-radius:4px\"\n    id=\"inline-v1vdwWeJypps78dp48MD\" \n    data-layout=\"{'id':'INLINE'}\"\n    data-trigger-type=\"alwaysShow\"\n    data-trigger-value=\"\"\n    data-activation-type=\"alwaysActivated\"\n    data-activation-value=\"\"\n    data-deactivation-type=\"neverDeactivate\"\n    data-deactivation-value=\"\"\n    data-form-name=\"Class Registration Form\"\n    data-height=\"565\"\n    data-layout-iframe-id=\"inline-v1vdwWeJypps78dp48MD\"\n    data-form-id=\"v1vdwWeJypps78dp48MD\"\n    title=\"Class Registration Form\"\n        >\n<\/iframe>\n<script src=\"https:\/\/link.msgsndr.com\/js\/form_embed.js\"><\/script>\t\t\t\t<\/div>\n\t\t\t\t<\/div>\n\t\t\t\t<\/div>\n\t\t<div class=\"elementor-element elementor-element-3e49953d e-con-full e-flex e-con e-parent\" data-id=\"3e49953d\" data-element_type=\"container\" data-e-type=\"container\">\n\t\t\t\t<div class=\"elementor-element elementor-element-6b16a59 elementor-widget elementor-widget-heading\" data-id=\"6b16a59\" data-element_type=\"widget\" data-e-type=\"widget\" data-widget_type=\"heading.default\">\n\t\t\t\t\t<h2 class=\"elementor-heading-title elementor-size-default\">Desarrolla una confianza que hable por ti.<\/h2>\t\t\t\t<\/div>\n\t\t\t\t<div class=\"elementor-element elementor-element-707adef elementor-widget__width-initial elementor-widget elementor-widget-text-editor translation-block\" data-id=\"707adef\" data-element_type=\"widget\" data-e-type=\"widget\" data-widget_type=\"text-editor.default\">Guiada por d\u00e9cadas de experiencia en etiqueta, <strong>Joann Wardy<\/strong> ense\u00f1a habilidades pr\u00e1cticas que te ayudar\u00e1n a sentirte segura, elegante y c\u00f3moda, tanto en el trabajo como en situaciones sociales y en la vida cotidiana.<\/div>\n\t\t<div class=\"elementor-element elementor-element-2fedfdf6 e-grid e-con-full e-con e-child\" data-id=\"2fedfdf6\" data-element_type=\"container\" data-e-type=\"container\">\n\t\t\t\t<div class=\"elementor-element elementor-element-7c1f4d03 elementor-widget elementor-widget-button\" data-id=\"7c1f4d03\" data-element_type=\"widget\" data-e-type=\"widget\" data-widget_type=\"button.default\">\n\t\t\t\t\t\t\t\t\t\t<a class=\"elementor-button elementor-button-link elementor-size-sm\" href=\"https:\/\/elpasoetiquette.com\/es\/registration\/\">\n\t\t\t\t\t\t<span class=\"elementor-button-content-wrapper\">\n\t\t\t\t\t\t\t\t\t<span class=\"elementor-button-text\">Registro <\/span>\n\t\t\t\t\t<\/span>\n\t\t\t\t\t<\/a>\n\t\t\t\t\t\t\t\t<\/div>\n\t\t\t\t<div class=\"elementor-element elementor-element-32e1bf72 elementor-widget elementor-widget-button\" data-id=\"32e1bf72\" data-element_type=\"widget\" data-e-type=\"widget\" data-widget_type=\"button.default\">\n\t\t\t\t\t\t\t\t\t\t<a class=\"elementor-button elementor-button-link elementor-size-sm\" href=\"https:\/\/elpasoetiquette.com\/es\/contact-2\/\">\n\t\t\t\t\t\t<span class=\"elementor-button-content-wrapper\">\n\t\t\t\t\t\t\t\t\t<span class=\"elementor-button-text\">Contactanos<\/span>\n\t\t\t\t\t<\/span>\n\t\t\t\t\t<\/a>\n\t\t\t\t\t\t\t\t<\/div>\n\t\t\t\t<\/div>\n\t\t\t\t<\/div>\n\t\t\t\t<\/div>","protected":false},"excerpt":{"rendered":"<p>Class Registration The School of Etiquette and Enrichment Limited Enrollment for Individual Attention. Minimum of 4, maximum 8.\u00a0 Pre-Registration Required 50% Down payment &#8211; Non-Refundable Build Confidence That Speaks for You Guided by decades of etiquette expertise, Joann Wardy teaches practical skills that help you feel confident, polished, and at ease\u2014at work, in social settings, [&hellip;]<\/p>\n","protected":false},"author":1,"featured_media":0,"parent":0,"menu_order":0,"comment_status":"closed","ping_status":"closed","template":"","meta":{"footnotes":""},"class_list":["post-35","page","type-page","status-publish","hentry"],"_links":{"self":[{"href":"https:\/\/elpasoetiquette.com\/es\/wp-json\/wp\/v2\/pages\/35","targetHints":{"allow":["GET"]}}],"collection":[{"href":"https:\/\/elpasoetiquette.com\/es\/wp-json\/wp\/v2\/pages"}],"about":[{"href":"https:\/\/elpasoetiquette.com\/es\/wp-json\/wp\/v2\/types\/page"}],"author":[{"embeddable":true,"href":"https:\/\/elpasoetiquette.com\/es\/wp-json\/wp\/v2\/users\/1"}],"replies":[{"embeddable":true,"href":"https:\/\/elpasoetiquette.com\/es\/wp-json\/wp\/v2\/comments?post=35"}],"version-history":[{"count":35,"href":"https:\/\/elpasoetiquette.com\/es\/wp-json\/wp\/v2\/pages\/35\/revisions"}],"predecessor-version":[{"id":710,"href":"https:\/\/elpasoetiquette.com\/es\/wp-json\/wp\/v2\/pages\/35\/revisions\/710"}],"wp:attachment":[{"href":"https:\/\/elpasoetiquette.com\/es\/wp-json\/wp\/v2\/media?parent=35"}],"curies":[{"name":"wp","href":"https:\/\/api.w.org\/{rel}","templated":true}]}}