{"id":175,"date":"2026-01-23T22:52:20","date_gmt":"2026-01-23T22:52:20","guid":{"rendered":"https:\/\/elpasoetiquette.com\/home-2\/"},"modified":"2026-03-16T21:50:46","modified_gmt":"2026-03-16T21:50:46","slug":"home-2","status":"publish","type":"page","link":"https:\/\/elpasoetiquette.com\/es\/","title":{"rendered":"Inicio"},"content":{"rendered":"<div data-elementor-type=\"wp-page\" data-elementor-id=\"175\" class=\"elementor elementor-175\" data-elementor-post-type=\"page\">\n\t\t\t\t<div class=\"elementor-element elementor-element-12d46034 e-flex e-con-boxed e-con e-parent\" data-id=\"12d46034\" data-element_type=\"container\" data-e-type=\"container\" data-settings=\"{&quot;background_background&quot;:&quot;video&quot;,&quot;background_video_link&quot;:&quot;https:\\\/\\\/elpasoetiquette.com\\\/wp-content\\\/uploads\\\/2026\\\/01\\\/7aHDmcdQ4CchghR93BAB_ElPasoEtiquetteBG-v.mp4&quot;,&quot;background_play_on_mobile&quot;:&quot;yes&quot;}\">\n\t\t\t\t\t<div class=\"e-con-inner\">\n\t\t<div class=\"elementor-background-video-container\">\n\t\t\t\t\t\t\t<video class=\"elementor-background-video-hosted\" role=\"presentation\" autoplay muted playsinline loop><\/video>\n\t\t\t\t\t<\/div>\t\t<div class=\"elementor-element elementor-element-74296e75 elementor-widget elementor-widget-heading\" data-id=\"74296e75\" data-element_type=\"widget\" data-e-type=\"widget\" data-widget_type=\"heading.default\">\n\t\t\t\t\t<h1 class=\"elementor-heading-title elementor-size-default\">Escuela de Etiqueta y Enriquecimiento<\/h1>\t\t\t\t<\/div>\n\t\t\t\t\t<\/div>\n\t\t\t\t<\/div>\n\t\t<div class=\"elementor-element elementor-element-6531e0a e-con-full e-flex e-con e-parent\" data-id=\"6531e0a\" data-element_type=\"container\" data-e-type=\"container\">\n\t\t\t\t<div class=\"elementor-element elementor-element-25fa698 elementor-widget elementor-widget-heading\" data-id=\"25fa698\" data-element_type=\"widget\" data-e-type=\"widget\" data-widget_type=\"heading.default\">\n\t\t\t\t\t<h2 class=\"elementor-heading-title elementor-size-default\">Etiqueta y enriquecimiento para todos <\/h2>\t\t\t\t<\/div>\n\t\t\t\t<div class=\"elementor-element elementor-element-01152b9 elementor-widget__width-initial elementor-widget elementor-widget-text-editor\" data-id=\"01152b9\" data-element_type=\"widget\" data-e-type=\"widget\" data-widget_type=\"text-editor.default\">\n\t\t\t\t\t\t\t\t\t<p>El refinamiento y la verdadera clase no se definen por los ingresos ni la direcci\u00f3n, sino por el car\u00e1cter, la cortes\u00eda y la serenidad. Se reflejan en c\u00f3mo tratamos a los dem\u00e1s y c\u00f3mo reaccionamos en diversas situaciones sociales. Con intenci\u00f3n, pr\u00e1ctica y autoconciencia, cualquiera puede cultivar la gracia, profundizar su sensibilidad hacia los dem\u00e1s y alcanzar su mejor versi\u00f3n.<\/p>\t\t\t\t\t\t\t\t<\/div>\n\t\t\t\t<div class=\"elementor-element elementor-element-d015dd7 elementor-widget elementor-widget-image\" data-id=\"d015dd7\" data-element_type=\"widget\" data-e-type=\"widget\" data-widget_type=\"image.default\">\n\t\t\t\t\t\t\t\t\t\t\t\t\t\t\t<img fetchpriority=\"high\" decoding=\"async\" width=\"800\" height=\"248\" src=\"https:\/\/elpasoetiquette.com\/wp-content\/uploads\/2026\/01\/PhotoLogowhite.png\" class=\"attachment-large size-large wp-image-301\" alt=\"\" srcset=\"https:\/\/elpasoetiquette.com\/wp-content\/uploads\/2026\/01\/PhotoLogowhite.png 950w, https:\/\/elpasoetiquette.com\/wp-content\/uploads\/2026\/01\/PhotoLogowhite-300x93.png 300w, https:\/\/elpasoetiquette.com\/wp-content\/uploads\/2026\/01\/PhotoLogowhite-768x238.png 768w\" sizes=\"(max-width: 800px) 100vw, 800px\" \/>\t\t\t\t\t\t\t\t\t\t\t\t\t\t\t<\/div>\n\t\t\t\t<\/div>\n\t\t<div class=\"elementor-element elementor-element-c91fd94 e-con-full e-flex e-con e-parent\" data-id=\"c91fd94\" data-element_type=\"container\" data-e-type=\"container\">\n\t\t<div class=\"elementor-element elementor-element-8536b53 e-con-full e-flex e-con e-child\" data-id=\"8536b53\" data-element_type=\"container\" data-e-type=\"container\">\n\t\t\t\t<div class=\"elementor-element elementor-element-e4b30fa elementor-cta--skin-cover elementor-cta--sequenced-animation elementor-cta--valign-bottom elementor-animated-content elementor-bg-transform elementor-bg-transform-zoom-in elementor-widget elementor-widget-call-to-action\" data-id=\"e4b30fa\" data-element_type=\"widget\" data-e-type=\"widget\" data-widget_type=\"call-to-action.default\">\n\t\t\t\t\t\t\t<a class=\"elementor-cta\" href=\"https:\/\/elpasoetiquette.com\/es\/classes\/\">\n\t\t\t\t\t<div class=\"elementor-cta__bg-wrapper\">\n\t\t\t\t<div class=\"elementor-cta__bg elementor-bg\" style=\"background-image: url(https:\/\/elpasoetiquette.com\/wp-content\/uploads\/2026\/01\/1-1400w-1024x682.webp);\" role=\"img\" aria-label=\"1-1400w\"><\/div>\n\t\t\t\t<div class=\"elementor-cta__bg-overlay\"><\/div>\n\t\t\t<\/div>\n\t\t\t\t\t\t\t<div class=\"elementor-cta__content\">\n\t\t\t\t\n\t\t\t\t\t\t\t\t\t<h2 class=\"elementor-cta__title elementor-cta__content-item elementor-content-item elementor-animated-item--shrink\">\n\t\t\t\t\t\tProgramas para Ni\u00f1os\t\t\t\t\t<\/h2>\n\t\t\t\t\n\t\t\t\t\t\t\t\t\t<div class=\"elementor-cta__description elementor-cta__content-item elementor-content-item elementor-animated-item--shrink\">\n\t\t\t\t\t\tNuestros cursos cubren los fundamentos de los buenos modales y la autoestima. As\u00ed mismo, nos enfocamos en ense\u00f1ar las habilidades necesarias para crecer en nuestras relaciones con los dem\u00e1s aplicando los principios de etiqueta, consideraci\u00f3n, respeto y honestidad.\t\t\t\t\t<\/div>\n\t\t\t\t\n\t\t\t\t\t\t\t<\/div>\n\t\t\t\t\t\t<\/a>\n\t\t\t\t\t\t<\/div>\n\t\t\t\t<\/div>\n\t\t<div class=\"elementor-element elementor-element-9a3026e e-con-full e-flex e-con e-child\" data-id=\"9a3026e\" data-element_type=\"container\" data-e-type=\"container\">\n\t\t\t\t<div class=\"elementor-element elementor-element-74342f3 elementor-cta--skin-cover elementor-cta--sequenced-animation elementor-cta--valign-bottom elementor-animated-content elementor-bg-transform elementor-bg-transform-zoom-in elementor-widget elementor-widget-call-to-action\" data-id=\"74342f3\" data-element_type=\"widget\" data-e-type=\"widget\" data-widget_type=\"call-to-action.default\">\n\t\t\t\t\t\t\t<a class=\"elementor-cta\" href=\"https:\/\/elpasoetiquette.com\/es\/classes\/\">\n\t\t\t\t\t<div class=\"elementor-cta__bg-wrapper\">\n\t\t\t\t<div class=\"elementor-cta__bg elementor-bg\" style=\"background-image: url(https:\/\/elpasoetiquette.com\/wp-content\/uploads\/2026\/01\/photo-1581404917879-53e19259fdda-1400w-1024x684.webp);\" role=\"img\" aria-label=\"photo-1581404917879-53e19259fdda-1400w\"><\/div>\n\t\t\t\t<div class=\"elementor-cta__bg-overlay\"><\/div>\n\t\t\t<\/div>\n\t\t\t\t\t\t\t<div class=\"elementor-cta__content\">\n\t\t\t\t\n\t\t\t\t\t\t\t\t\t<h2 class=\"elementor-cta__title elementor-cta__content-item elementor-content-item elementor-animated-item--shrink\">\n\t\t\t\t\t\tProgramas para Adultos\t\t\t\t\t<\/h2>\n\t\t\t\t\n\t\t\t\t\t\t\t\t\t<div class=\"elementor-cta__description elementor-cta__content-item elementor-content-item elementor-animated-item--shrink\">\n\t\t\t\t\t\tDining Skills for Success ense\u00f1a a los adultos las normas esenciales de etiqueta en la mesa en clases reducidas, sentando las bases para desenvolverse con confianza en situaciones profesionales y sociales.\t\t\t\t\t<\/div>\n\t\t\t\t\n\t\t\t\t\t\t\t<\/div>\n\t\t\t\t\t\t<\/a>\n\t\t\t\t\t\t<\/div>\n\t\t\t\t<\/div>\n\t\t\t\t<\/div>\n\t\t<div class=\"elementor-element elementor-element-a71ffc1 e-con-full e-flex e-con e-parent\" data-id=\"a71ffc1\" data-element_type=\"container\" data-e-type=\"container\">\n\t\t<div class=\"elementor-element elementor-element-976ceea e-con-full e-flex e-con e-child\" data-id=\"976ceea\" data-element_type=\"container\" data-e-type=\"container\" data-settings=\"{&quot;background_background&quot;:&quot;classic&quot;}\">\n\t\t\t\t<\/div>\n\t\t<div class=\"elementor-element elementor-element-37d2e1e e-con-full e-flex e-con e-child\" data-id=\"37d2e1e\" data-element_type=\"container\" data-e-type=\"container\">\n\t\t\t\t<div class=\"elementor-element elementor-element-ca7ccee elementor-widget elementor-widget-heading\" data-id=\"ca7ccee\" data-element_type=\"widget\" data-e-type=\"widget\" data-widget_type=\"heading.default\">\n\t\t\t\t\t<h2 class=\"elementor-heading-title elementor-size-default\">Sobre nosotros<\/h2>\t\t\t\t<\/div>\n\t\t\t\t<div class=\"elementor-element elementor-element-1c96fa2 elementor-widget__width-initial elementor-widget elementor-widget-text-editor\" data-id=\"1c96fa2\" data-element_type=\"widget\" data-e-type=\"widget\" data-widget_type=\"text-editor.default\">\n\t\t\t\t\t\t\t\t\t<p>Durante m\u00e1s de cinco d\u00e9cadas, el l\u00edder en capacitaci\u00f3n en etiqueta en El Paso ha sido <strong>Joann Wardy<\/strong>.<\/p><p class=\"translation-block\">Es graduada de la <strong>Escuela de Protocolo de Washington<\/strong> y es una profesora talentosa que ha ayudado a miles de ni\u00f1os de todas las edades a desarrollar autoconfianza y habilidades para la vida que les permitan alcanzar el \u00e9xito.<\/p>\t\t\t\t\t\t\t\t<\/div>\n\t\t\t\t<div class=\"elementor-element elementor-element-c73ea2c elementor-widget elementor-widget-button\" data-id=\"c73ea2c\" data-element_type=\"widget\" data-e-type=\"widget\" data-widget_type=\"button.default\">\n\t\t\t\t\t\t\t\t\t\t<a class=\"elementor-button elementor-button-link elementor-size-sm\" href=\"https:\/\/elpasoetiquette.com\/es\/about-me\/\">\n\t\t\t\t\t\t<span class=\"elementor-button-content-wrapper\">\n\t\t\t\t\t\t\t\t\t<span class=\"elementor-button-text\">Ver m\u00e1s<\/span>\n\t\t\t\t\t<\/span>\n\t\t\t\t\t<\/a>\n\t\t\t\t\t\t\t\t<\/div>\n\t\t\t\t<\/div>\n\t\t\t\t<\/div>\n\t\t\t\t<\/div>","protected":false},"excerpt":{"rendered":"<p>School of Etiquette &amp; Enrichment Etiquette &amp; Enrichment for All &#8220;Refinement and true class are not defined by income or address, but by character, courtesy, and composure. They are reflected in how we treat others and how we respond across a wide range of social situations. With intention, practice, and self-awareness, anyone can cultivate grace, [&hellip;]<\/p>\n","protected":false},"author":1,"featured_media":0,"parent":0,"menu_order":0,"comment_status":"closed","ping_status":"closed","template":"","meta":{"footnotes":""},"class_list":["post-175","page","type-page","status-publish","hentry"],"_links":{"self":[{"href":"https:\/\/elpasoetiquette.com\/es\/wp-json\/wp\/v2\/pages\/175","targetHints":{"allow":["GET"]}}],"collection":[{"href":"https:\/\/elpasoetiquette.com\/es\/wp-json\/wp\/v2\/pages"}],"about":[{"href":"https:\/\/elpasoetiquette.com\/es\/wp-json\/wp\/v2\/types\/page"}],"author":[{"embeddable":true,"href":"https:\/\/elpasoetiquette.com\/es\/wp-json\/wp\/v2\/users\/1"}],"replies":[{"embeddable":true,"href":"https:\/\/elpasoetiquette.com\/es\/wp-json\/wp\/v2\/comments?post=175"}],"version-history":[{"count":70,"href":"https:\/\/elpasoetiquette.com\/es\/wp-json\/wp\/v2\/pages\/175\/revisions"}],"predecessor-version":[{"id":736,"href":"https:\/\/elpasoetiquette.com\/es\/wp-json\/wp\/v2\/pages\/175\/revisions\/736"}],"wp:attachment":[{"href":"https:\/\/elpasoetiquette.com\/es\/wp-json\/wp\/v2\/media?parent=175"}],"curies":[{"name":"wp","href":"https:\/\/api.w.org\/{rel}","templated":true}]}}